{"id":151,"date":"2025-11-07T10:24:42","date_gmt":"2025-11-07T10:24:42","guid":{"rendered":"https:\/\/lestroisparcelles.com\/index.php\/current-jobs\/"},"modified":"2025-11-07T14:31:15","modified_gmt":"2025-11-07T14:31:15","slug":"current-jobs","status":"publish","type":"page","link":"https:\/\/lestroisparcelles.com\/index.php\/current-jobs\/","title":{"rendered":"Recrutement"},"content":{"rendered":"<div class=\"sjb-page\">\r\n<!-- Start: Jobs Listing Wrapper -->\r\n\r\n\r\n<!-- Start Job Filters\r\n================================================== -->\r\n<div class=\" sjb-filters-v2\">\r\n        <form class=\"filters-form\" action=\"https:\/\/lestroisparcelles.com\/index.php\/current-jobs\/\" method=\"get\">\r\n        <div class=\"row\">\r\n                    <\/div>\r\n    <\/form>\r\n<\/div>\r\n<!-- ==================================================\r\nEnd Job Filters -->\r\n\r\n\r\n<div class=\"sjb-listing\">\r\n        <!-- start Jobs Listing: List View -->\r\n    <div class=\"list-view\">\r\n        \r\n    \r\n<!-- Start Jobs List View \r\n================================================== -->\r\n<div class=\"list-data\">\r\n    <div class=\"v2 sjb-job-171\">\r\n\r\n        <!-- Jobs List view header -->\r\n        <header>\r\n            <div class=\"row\">\r\n                \r\n                <div class=\"col-md-12 col-sm-12\">\r\n                    <div class=\"sjb-company-wrapper-details-list\">\r\n                        <div class=\"row\">\r\n                            \r\n<!-- Start Company Logo\r\n================================================== -->\r\n<div class=\"col-md-8 col-sm-8\">\r\n            <div class=\"company-logo\">\r\n            <a href=\"https:\/\/lestroisparcelles.com\/index.php\/recrutement\/recrutement\/\"><img decoding=\"async\" src=\"https:\/\/lestroisparcelles.com\/wp-content\/plugins\/simple-job-board\/public\/images\/company.png\" alt=\"Les trois parcelles\" class=\"sjb-img-responsive \" id=\"\"\/><\/a>\r\n        <\/div>\r\n    \r\n    <!-- ==================================================\r\nEnd Company Logo -->\r\n\r\n    <div class=\"sjb-with-logo\">\r\n    <div class=\"job-info \">\r\n        <h4>\r\n            <a href=\"https:\/\/lestroisparcelles.com\/index.php\/recrutement\/recrutement\/\">\r\n                <span class=\"job-title\">Test poste 2<\/span>            <\/a>\r\n        <\/h4>\r\n        <div class=\"sjb-company-details\">\r\n            <i class=\"fa  fa-building\"><\/i><span class=\"company-name\">Les trois parcelles<\/span>        <\/div>\r\n            <\/div>\r\n<\/div>\r\n<\/div>\r\n\r\n<!-- Start apply now button\r\n================================================== -->\r\n<div class=\"col-md-4 col-sm-4 col-xs-12 sjb-apply-now-btn\">\r\n\t<p><a href=\"https:\/\/lestroisparcelles.com\/index.php\/recrutement\/recrutement\/\" class=\"btn btn-primary \">Postuler<\/a><\/p><\/div>\r\n<!-- ==================================================\r\nEnd apply now button -->\r\n\r\n                        <\/div>\r\n                    <\/div>\r\n                <\/div>\r\n             \r\n                <div class=\"clearfix\"><\/div>\r\n                <div class=\"col-md-12 col-sm-12\">\r\n                    <div class=\"sjb-job-type-location-date\">\r\n                        <div class=\"row\">\r\n                        \r\n<!-- Start Job Type\r\n================================================== -->\r\n \r\n<!-- ==================================================\r\nEnd Job Type -->\r\n\r\n\r\n<!-- Start Job's Location\r\n================================================== -->\r\n<!-- ==================================================\r\nEnd Job's Location -->\r\n\r\n\r\n<!-- Start Job Posted Date\r\n================================================== -->\r\n\t<div class=\"col-md-4 col-sm-4 col-xs-12\">\r\n                <div class=\"job-date\"><i class=\"fa  fa-calendar-check\"><\/i>Publi\u00e9 il y a 5 mois<\/div>\r\n\t<\/div>\r\n<!-- ==================================================\r\nEnd Job Posted Date -->\r\n\r\n                        <\/div>\r\n                    <\/div>\r\n\r\n                <\/div>\r\n            <\/div>\r\n            \r\n        <\/header>\r\n        \r\n\r\n        \r\n    <!-- View more content start\r\n    ================================= -->\r\n    \r\n<!-- View long content start \r\n================================================== -->\r\n<div class=\"sjb_more_content\" id=\"sjb_more_content_171\">\r\n    <!-- wp:paragraph -->\n<p>test poste 2 pour recrutement<\/p>\n<!-- \/wp:paragraph -->    \r\n<!-- Start Job Features\r\n================================================== -->\r\n<div class=\"job-features\">\r\n    \r\n    <table class=\"table\">\r\n        <tbody>\r\n                    <\/tbody>\r\n    <\/table>\r\n\r\n<\/div>\r\n<!-- ==================================================\r\nEnd Job Features -->\r\n\r\n<div class=\"clearfix\"><\/div>\r\n<\/div>\r\n\r\n<div class=\"sjb-view-less-btn\" id=\"sjb_view_less_btn_171\">\r\n    <a data-id=\"171\" class=\"sjb_view_less_btn sjb_view_more_btn\">\r\n        View less            \r\n    <\/a>\r\n<\/div>\r\n<!-- ==================================================\r\nView long content end  -->\r\n\r\n    <!-- View more content end\r\n    ================================= -->\r\n\r\n    <!-- Start Job Short Description \r\n    ================================================== -->\r\n    <div class=\"job-description-list\">\r\n        <div id=\"sjb_less_content_171\"><p>test poste 2 pour recrutement<\/p><\/div>    <\/div>\r\n    <!-- ==================================================\r\n    End Job Short Description  -->\r\n\r\n        <\/div>\r\n<\/div>\r\n<!-- ==================================================\r\nEnd Jobs List View -->\r\n\r\n<div class=\"clearfix\"><\/div>\r\n\r\n\r\n<!-- Start Jobs List View \r\n================================================== -->\r\n<div class=\"list-data\">\r\n    <div class=\"v2 sjb-job-159\">\r\n\r\n        <!-- Jobs List view header -->\r\n        <header>\r\n            <div class=\"row\">\r\n                \r\n                <div class=\"col-md-12 col-sm-12\">\r\n                    <div class=\"sjb-company-wrapper-details-list\">\r\n                        <div class=\"row\">\r\n                            \r\n<!-- Start Company Logo\r\n================================================== -->\r\n<div class=\"col-md-8 col-sm-8\">\r\n            <div class=\"company-logo\">\r\n            <a href=\"https:\/\/lestroisparcelles.com\/index.php\/recrutement\/candidature-spontanee\/\"><img decoding=\"async\" src=\"http:\/\/lestroisparcelles.com\/wp-content\/uploads\/2025\/11\/Screenshot-2025-11-04-at-13-13-16-Instagram-300x300.png\" alt=\"Les trois parcelles\" class=\"sjb-img-responsive \" id=\"\"\/><\/a>\r\n        <\/div>\r\n    \r\n    <!-- ==================================================\r\nEnd Company Logo -->\r\n\r\n    <div class=\"sjb-with-logo\">\r\n    <div class=\"job-info \">\r\n        <h4>\r\n            <a href=\"https:\/\/lestroisparcelles.com\/index.php\/recrutement\/candidature-spontanee\/\">\r\n                <span class=\"job-title\">Candidature spontan\u00e9e<\/span>            <\/a>\r\n        <\/h4>\r\n        <div class=\"sjb-company-details\">\r\n            <i class=\"fa  fa-building\"><\/i><span class=\"company-name\">Les trois parcelles<\/span>        <\/div>\r\n            <\/div>\r\n<\/div>\r\n<\/div>\r\n\r\n<!-- Start apply now button\r\n================================================== -->\r\n<div class=\"col-md-4 col-sm-4 col-xs-12 sjb-apply-now-btn\">\r\n\t<p><a href=\"https:\/\/lestroisparcelles.com\/index.php\/recrutement\/candidature-spontanee\/\" class=\"btn btn-primary \">Postuler<\/a><\/p><\/div>\r\n<!-- ==================================================\r\nEnd apply now button -->\r\n\r\n                        <\/div>\r\n                    <\/div>\r\n                <\/div>\r\n             \r\n                <div class=\"clearfix\"><\/div>\r\n                <div class=\"col-md-12 col-sm-12\">\r\n                    <div class=\"sjb-job-type-location-date\">\r\n                        <div class=\"row\">\r\n                        \r\n<!-- Start Job Type\r\n================================================== -->\r\n \r\n<!-- ==================================================\r\nEnd Job Type -->\r\n\r\n\r\n<!-- Start Job's Location\r\n================================================== -->\r\n<!-- ==================================================\r\nEnd Job's Location -->\r\n\r\n\r\n<!-- Start Job Posted Date\r\n================================================== -->\r\n\t<div class=\"col-md-4 col-sm-4 col-xs-12\">\r\n                <div class=\"job-date\"><i class=\"fa  fa-calendar-check\"><\/i>Publi\u00e9 il y a 5 mois<\/div>\r\n\t<\/div>\r\n<!-- ==================================================\r\nEnd Job Posted Date -->\r\n\r\n                        <\/div>\r\n                    <\/div>\r\n\r\n                <\/div>\r\n            <\/div>\r\n            \r\n        <\/header>\r\n        \r\n\r\n        \r\n    <!-- View more content start\r\n    ================================= -->\r\n    \r\n<!-- View long content start \r\n================================================== -->\r\n<div class=\"sjb_more_content\" id=\"sjb_more_content_159\">\r\n    <!-- wp:paragraph -->\n<p>Nous recherchons r\u00e9guli\u00e8rement des saisonniers en mara\u00eechage ou des ouvriers agricoles d\u00e9butants et exp\u00e9riment\u00e9s. Pour postuler merci d'envoyer votre plus belle lettre de motivation et votre cv en un seul document sur le formulaire.<\/p>\n<!-- \/wp:paragraph -->\n\n<!-- wp:image {\"id\":163,\"width\":\"403px\",\"height\":\"auto\",\"sizeSlug\":\"full\",\"linkDestination\":\"none\"} -->\n<figure class=\"wp-block-image size-full is-resized\"><img loading=\"lazy\" decoding=\"async\" width=\"848\" height=\"636\" src=\"https:\/\/lestroisparcelles.com\/wp-content\/uploads\/2025\/11\/Screenshot-2025-11-04-at-14-22-08-Instagram-1.png\" alt=\"\" class=\"wp-image-163\" style=\"width:403px;height:auto\" srcset=\"https:\/\/lestroisparcelles.com\/wp-content\/uploads\/2025\/11\/Screenshot-2025-11-04-at-14-22-08-Instagram-1.png 848w, https:\/\/lestroisparcelles.com\/wp-content\/uploads\/2025\/11\/Screenshot-2025-11-04-at-14-22-08-Instagram-1-300x225.png 300w, https:\/\/lestroisparcelles.com\/wp-content\/uploads\/2025\/11\/Screenshot-2025-11-04-at-14-22-08-Instagram-1-768x576.png 768w\" sizes=\"auto, (max-width: 848px) 100vw, 848px\" \/><\/figure>\n<!-- \/wp:image -->    \r\n<!-- Start Job Features\r\n================================================== -->\r\n<div class=\"job-features\">\r\n    \r\n    <table class=\"table\">\r\n        <tbody>\r\n                    <\/tbody>\r\n    <\/table>\r\n\r\n<\/div>\r\n<!-- ==================================================\r\nEnd Job Features -->\r\n\r\n<div class=\"clearfix\"><\/div>\r\n<\/div>\r\n\r\n<div class=\"sjb-view-less-btn\" id=\"sjb_view_less_btn_159\">\r\n    <a data-id=\"159\" class=\"sjb_view_less_btn sjb_view_more_btn\">\r\n        View less            \r\n    <\/a>\r\n<\/div>\r\n<!-- ==================================================\r\nView long content end  -->\r\n\r\n    <!-- View more content end\r\n    ================================= -->\r\n\r\n    <!-- Start Job Short Description \r\n    ================================================== -->\r\n    <div class=\"job-description-list\">\r\n        <div id=\"sjb_less_content_159\"><p>Nous recherchons r\u00e9guli\u00e8rement des saisonniers en mara\u00eechage ou des ouvriers agricoles d\u00e9butants et exp\u00e9riment\u00e9s. Pour postuler merci d&rsquo;envoyer votre plus belle lettre de motivation et vot...<\/p><\/div>    <\/div>\r\n    <!-- ==================================================\r\n    End Job Short Description  -->\r\n\r\n        <\/div>\r\n<\/div>\r\n<!-- ==================================================\r\nEnd Jobs List View -->\r\n\r\n<div class=\"clearfix\"><\/div>\r\n\r\n\r\n    <\/div> <!-- end Jobs Listing: List View -->\r\n<\/div>\r\n<!-- End: Jobs Listing -->\r\n\r\n<div class=\"clearfix\"><\/div>\r\n<\/div>\r\n<!-- End: Jobs Listing Wrapper -->\r\n\r\n\n<p>\u00a0<\/p>\n\n\n<p><\/p>\n\n\n\n<p><\/p>\n\n\n\n<p><\/p>\n","protected":false},"excerpt":{"rendered":"<p>\u00a0<\/p>\n","protected":false},"author":1,"featured_media":0,"parent":0,"menu_order":0,"comment_status":"closed","ping_status":"closed","template":"","meta":{"footnotes":""},"class_list":["post-151","page","type-page","status-publish","hentry"],"_links":{"self":[{"href":"https:\/\/lestroisparcelles.com\/index.php\/wp-json\/wp\/v2\/pages\/151","targetHints":{"allow":["GET"]}}],"collection":[{"href":"https:\/\/lestroisparcelles.com\/index.php\/wp-json\/wp\/v2\/pages"}],"about":[{"href":"https:\/\/lestroisparcelles.com\/index.php\/wp-json\/wp\/v2\/types\/page"}],"author":[{"embeddable":true,"href":"https:\/\/lestroisparcelles.com\/index.php\/wp-json\/wp\/v2\/users\/1"}],"replies":[{"embeddable":true,"href":"https:\/\/lestroisparcelles.com\/index.php\/wp-json\/wp\/v2\/comments?post=151"}],"version-history":[{"count":3,"href":"https:\/\/lestroisparcelles.com\/index.php\/wp-json\/wp\/v2\/pages\/151\/revisions"}],"predecessor-version":[{"id":164,"href":"https:\/\/lestroisparcelles.com\/index.php\/wp-json\/wp\/v2\/pages\/151\/revisions\/164"}],"wp:attachment":[{"href":"https:\/\/lestroisparcelles.com\/index.php\/wp-json\/wp\/v2\/media?parent=151"}],"curies":[{"name":"wp","href":"https:\/\/api.w.org\/{rel}","templated":true}]}}