{"id":187,"date":"2025-11-10T11:13:19","date_gmt":"2025-11-10T11:13:19","guid":{"rendered":"https:\/\/lestroisparcelles.com\/?page_id=187"},"modified":"2025-11-10T13:47:43","modified_gmt":"2025-11-10T13:47:43","slug":"ils-parlent-de-nous","status":"publish","type":"page","link":"https:\/\/lestroisparcelles.com\/index.php\/ils-parlent-de-nous\/","title":{"rendered":"Ils parlent de nous"},"content":{"rendered":"\n<div class=\"wp-block-group service-head-box has-global-padding is-layout-constrained wp-block-group-is-layout-constrained\">\n<p class=\"has-text-align-center service-sub-title has-secondary-color has-primary-background-color has-text-color has-background has-link-color wp-elements-85a795989f9b91ba45ae5e7e59526558\" style=\"border-radius:100px;padding-top:5px;padding-right:20px;padding-bottom:5px;padding-left:20px;font-size:18px;font-style:normal;font-weight:500;text-transform:capitalize\">France inter<\/p>\n\n\n\n<p class=\"has-text-align-center\"><strong>\u00c9mission du 02 Novembre 2025 : La chronique de Zazie Tavitian : France Inter<\/strong><\/p>\n\n\n\n<p class=\"has-text-align-center\">Zazie n\u2019a pas eu besoin de prendre l\u2019avion pour trouver un producteur de piments. Dans le Loiret, la ferme des Trois Parcelles en cultive et en fait une sauce ferment\u00e9e pleine de caract\u00e8re.<\/p>\n\n\n\n<p class=\"has-text-align-left\"><div style=\"max-width: 800px; margin: 2em auto; text-align: center;\">\n  <iframe loading=\"lazy\" src=\"https:\/\/embed.radiofrance.fr\/franceinter\/diffusion\/37f0f6c2-7278-4125-b959-917d54a4519b\" frameborder=\"0\" width=\"100%\" height=\"200\" style=\"border-radius: 8px; overflow: hidden;\" allow=\"autoplay\">\n  <\/iframe>\n<\/div><\/p>\n\n\n\n<p class=\"has-text-align-center service-sub-title has-secondary-color has-primary-background-color has-text-color has-background has-link-color wp-elements-0a0bcc254753908b3f764f82240497bf\" style=\"border-radius:100px;padding-top:5px;padding-right:20px;padding-bottom:5px;padding-left:20px;font-size:18px;font-style:normal;font-weight:500;text-transform:capitalize\">Enlarge your Paris<\/p>\n\n\n\n<p><\/p>\n<\/div>\n\n\n\n<figure class=\"wp-block-image aligncenter size-full\"><img loading=\"lazy\" decoding=\"async\" width=\"650\" height=\"366\" src=\"http:\/\/lestroisparcelles.com\/wp-content\/uploads\/2025\/11\/Screenshot-2025-11-10-at-14-15-00-Lagroecologie-nest-pas-un-metier-mais-un-combat-.png\" alt=\"\" class=\"wp-image-193\" srcset=\"https:\/\/lestroisparcelles.com\/wp-content\/uploads\/2025\/11\/Screenshot-2025-11-10-at-14-15-00-Lagroecologie-nest-pas-un-metier-mais-un-combat-.png 650w, https:\/\/lestroisparcelles.com\/wp-content\/uploads\/2025\/11\/Screenshot-2025-11-10-at-14-15-00-Lagroecologie-nest-pas-un-metier-mais-un-combat--300x169.png 300w\" sizes=\"auto, (max-width: 650px) 100vw, 650px\" \/><\/figure>\n\n\n\n<p class=\"has-text-align-center\"><strong>\u00ab L\u2019agro\u00e9cologie n\u2019est pas un m\u00e9tier mais un combat \u00bb<\/strong><\/p>\n\n\n\n<p class=\"has-text-align-center\"><em>Elarge your Paris<\/em> Virginie Janni\u00e8re | 15 f\u00e9vrier 2023 &#8211; Y\u00e8vre-la-Ville<\/p>\n\n\n\n<p>\u00ab \u00c0 la t\u00eate de sa ferme bio \u00e0 Y\u00e8vre-la-Ville, Simon Ronceray a choisi de faire de l\u2019agro\u00e9cologie <strong>un combat et un projet politique de vie<\/strong> : diversifier les cultures, refuser tout pesticide, adapter les pratiques au changement climatique, et placer l\u2019humain et le collectif au c\u0153ur de son activit\u00e9. \u00bb Article entier ici : <a href=\"https:\/\/www.enlargeyourparis.fr\/societe\/lagroecologie-nest-pas-un-metier-mais-un-combat\">https:\/\/www.enlargeyourparis.fr<\/a><\/p>\n\n\n\n<p class=\"has-text-align-center service-sub-title has-secondary-color has-primary-background-color has-text-color has-background has-link-color wp-elements-dae9d97a7f2cc70f27ccca975d00da85\" style=\"border-radius:100px;padding-top:5px;padding-right:20px;padding-bottom:5px;padding-left:20px;font-size:18px;font-style:normal;font-weight:500;text-transform:capitalize\">RTBF<\/p>\n\n\n\n<figure class=\"wp-block-image aligncenter size-full\"><img loading=\"lazy\" decoding=\"async\" width=\"680\" height=\"498\" src=\"https:\/\/lestroisparcelles.com\/wp-content\/uploads\/2025\/11\/Screenshot-2025-11-10-at-14-40-39-En-France-certains-habitants-recoltent-leur-urine-car-cest-bon-pour-les-champs-RTBF-Actus.png\" alt=\"\" class=\"wp-image-201\" srcset=\"https:\/\/lestroisparcelles.com\/wp-content\/uploads\/2025\/11\/Screenshot-2025-11-10-at-14-40-39-En-France-certains-habitants-recoltent-leur-urine-car-cest-bon-pour-les-champs-RTBF-Actus.png 680w, https:\/\/lestroisparcelles.com\/wp-content\/uploads\/2025\/11\/Screenshot-2025-11-10-at-14-40-39-En-France-certains-habitants-recoltent-leur-urine-car-cest-bon-pour-les-champs-RTBF-Actus-300x220.png 300w\" sizes=\"auto, (max-width: 680px) 100vw, 680px\" \/><\/figure>\n\n\n\n<p class=\"has-text-align-center\"><strong>Des toilettes aux champs<\/strong><\/p>\n\n\n\n<p class=\"has-text-align-center\">\u00ab\u00a0<em>Les gens ne sont pas du tout surpris de consommer des l\u00e9gumes qui sont peut-\u00eatre fertilis\u00e9s avec du lisier d\u2019\u00e9levage conventionnel. Par contre, d\u00e8s qu\u2019on parle de leur urine, on sent qu\u2019il y a parfois une r\u00e9ticence.<\/em>\u00ab\u00a0<\/p>\n\n\n\n<p class=\"has-text-align-center\">En France, certains habitants r\u00e9coltent leur urine car c&rsquo;est bon pour les champs. RTBF 06 Novembre 2025.<\/p>\n\n\n\n<p>Article complet ici : <a href=\"https:\/\/www.rtbf.be\/article\/en-france-certains-habitent-recoltent-leur-pipi-car-c-est-bon-pour-les-champs-11626688\">https:\/\/www.rtbf.be<\/a><\/p>\n\n\n\n<p><\/p>\n","protected":false},"excerpt":{"rendered":"<p>France inter \u00c9mission du 02 Novembre 2025 : La chronique de Zazie Tavitian : France Inter Zazie n\u2019a pas eu besoin de prendre l\u2019avion pour trouver un producteur de piments. Dans le Loiret, la ferme des Trois Parcelles en cultive et en fait une sauce ferment\u00e9e pleine de caract\u00e8re. Enlarge your Paris \u00ab L\u2019agro\u00e9cologie n\u2019est [&hellip;]<\/p>\n","protected":false},"author":1,"featured_media":0,"parent":0,"menu_order":0,"comment_status":"closed","ping_status":"closed","template":"","meta":{"footnotes":""},"class_list":["post-187","page","type-page","status-publish","hentry"],"_links":{"self":[{"href":"https:\/\/lestroisparcelles.com\/index.php\/wp-json\/wp\/v2\/pages\/187","targetHints":{"allow":["GET"]}}],"collection":[{"href":"https:\/\/lestroisparcelles.com\/index.php\/wp-json\/wp\/v2\/pages"}],"about":[{"href":"https:\/\/lestroisparcelles.com\/index.php\/wp-json\/wp\/v2\/types\/page"}],"author":[{"embeddable":true,"href":"https:\/\/lestroisparcelles.com\/index.php\/wp-json\/wp\/v2\/users\/1"}],"replies":[{"embeddable":true,"href":"https:\/\/lestroisparcelles.com\/index.php\/wp-json\/wp\/v2\/comments?post=187"}],"version-history":[{"count":6,"href":"https:\/\/lestroisparcelles.com\/index.php\/wp-json\/wp\/v2\/pages\/187\/revisions"}],"predecessor-version":[{"id":203,"href":"https:\/\/lestroisparcelles.com\/index.php\/wp-json\/wp\/v2\/pages\/187\/revisions\/203"}],"wp:attachment":[{"href":"https:\/\/lestroisparcelles.com\/index.php\/wp-json\/wp\/v2\/media?parent=187"}],"curies":[{"name":"wp","href":"https:\/\/api.w.org\/{rel}","templated":true}]}}